{"id":1520,"date":"2018-06-12T15:56:00","date_gmt":"2018-06-12T14:56:00","guid":{"rendered":"https:\/\/www.unikovka.cz\/?page_id=1520"},"modified":"2019-04-28T12:16:47","modified_gmt":"2019-04-28T11:16:47","slug":"gdpr","status":"publish","type":"page","link":"https:\/\/unikovka.cz\/index.php\/gdpr\/","title":{"rendered":"GDPR"},"content":{"rendered":"<p>[et_pb_section bb_built=&#8221;1&#8243; _builder_version=&#8221;3.5.1&#8243; background_color=&#8221;#000000&#8243;][et_pb_row _builder_version=&#8221;3.5.1&#8243; background_color=&#8221;#000000&#8243;][et_pb_column type=&#8221;4_4&#8243;][et_pb_text _builder_version=&#8221;3.13.1&#8243; text_text_color=&#8221;#ffffff&#8221; text_font_size=&#8221;18px&#8221; text_line_height=&#8221;1.3em&#8221; background_layout=&#8221;dark&#8221;]<\/p>\n<p>Tento dokument je dostupn\u00fd pouze v \u010desk\u00e9m jazyce.<\/p>\n<p><b>Podm\u00ednky ochrany osobn\u00edch \u00fadaj\u016f<\/b><\/p>\n<p>Z\u00c1KLADN\u00cd USTANOVEN\u00cd <span class=\"Apple-converted-space\">\u00a0 \u00a0 \u00a0 \u00a0 \u00a0 \u00a0 \u00a0 \u00a0 \u00a0 \u00a0 \u00a0 \u00a0 \u00a0 \u00a0 \u00a0 \u00a0 \u00a0 \u00a0 \u00a0 \u00a0 \u00a0 \u00a0 \u00a0 \u00a0 \u00a0 \u00a0 \u00a0 \u00a0 \u00a0 \u00a0 \u00a0 \u00a0 \u00a0 \u00a0 \u00a0 \u00a0 \u00a0 \u00a0 \u00a0 \u00a0 \u00a0 \u00a0 \u00a0 \u00a0 \u00a0 \u00a0 \u00a0 \u00a0 \u00a0 \u00a0 \u00a0 \u00a0 \u00a0 \u00a0 \u00a0 \u00a0 \u00a0 \u00a0 \u00a0 <\/span><\/p>\n<p>1. Spr\u00e1vcem osobn\u00edch \u00fadaj\u016f podle \u010dl. 4 bod 7 na\u0159\u00edzen\u00ed Evropsk\u00e9ho parlamentu a Rady (EU) 2016\/679 o ochran\u011b fyzick\u00fdch osob v souvislosti se zpracov\u00e1n\u00edm osobn\u00edch \u00fadaj\u016f a o voln\u00e9m pohybu t\u011bchto \u00fadaj\u016f (d\u00e1le jen: \u201eGDPR\u201d) je: Radovan Hampejs I\u010c 87803933 se s\u00eddlem Rataje 1394, 53901 Hlinsko (d\u00e1le jen: \u201espr\u00e1vce\u201c).<\/p>\n<p>2. Kontaktn\u00ed \u00fadaje spr\u00e1vce jsou<\/p>\n<p>adresa: Rataje 1394, 53901 Hlinsko<\/p>\n<p>email: objednavky@unikovka.cz<\/p>\n<p>telefon: +420 797 855 566<\/p>\n<p>3. Osobn\u00edmi \u00fadaji se rozum\u00ed ve\u0161ker\u00e9 informace o identifikovan\u00e9 nebo identifikovateln\u00e9 fyzick\u00e9 osob\u011b; identifikovatelnou fyzickou osobou je fyzick\u00e1 osoba, kterou lze p\u0159\u00edmo \u010di nep\u0159\u00edmo identifikovat, zejm\u00e9na odkazem na ur\u010dit\u00fd identifik\u00e1tor, nap\u0159\u00edklad jm\u00e9no, identifika\u010dn\u00ed \u010d\u00edslo, loka\u010dn\u00ed \u00fadaje, s\u00ed\u0165ov\u00fd identifik\u00e1tor nebo na jeden \u010di v\u00edce zvl\u00e1\u0161tn\u00edch prvk\u016f fyzick\u00e9, fyziologick\u00e9, genetick\u00e9, psychick\u00e9, ekonomick\u00e9, kulturn\u00ed nebo spole\u010densk\u00e9 identity t\u00e9to fyzick\u00e9 osoby.<\/p>\n<p>4. Spr\u00e1vce nejmenoval pov\u011b\u0159ence pro ochranu osobn\u00edch \u00fadaj\u016f.<\/p>\n<p><b>2. ZDROJE A KATEGORIE ZPRACOV\u00c1VAN\u00ddCH OSOBN\u00cdCH \u00daDAJ\u016e<\/b><\/p>\n<p>1. Spr\u00e1vce zpracov\u00e1v\u00e1 osobn\u00ed \u00fadaje, kter\u00e9 jste mu poskytl\/a nebo osobn\u00ed \u00fadaje, kter\u00e9 spr\u00e1vce z\u00edskal na z\u00e1klad\u011b pln\u011bn\u00ed va\u0161\u00ed objedn\u00e1vky.<\/p>\n<p>2. Spr\u00e1vce zpracov\u00e1v\u00e1 Va\u0161e jm\u00e9no, telefonn\u00ed \u010d\u00edslo, email, IP adresu a s\u00ed\u0165ov\u00e9 identifik\u00e1tory ulo\u017een\u00e9 v Cookies. Dal\u0161\u00ed \u00fadaje zpracov\u00e1v\u00e1 pouze tehdy, je-li to nezbytn\u00e9 pro pln\u011bn\u00ed smlouvy a ze z\u00e1konn\u00fdch d\u016fvod\u016f.<\/p>\n<p><b>3. Z\u00c1KONN\u00dd D\u016eVOD A \u00da\u010cEL ZPRACOV\u00c1N\u00cd OSOBN\u00cdCH \u00daDAJ\u016e<\/b><\/p>\n<p>1. Z\u00e1konn\u00fdm d\u016fvodem zpracov\u00e1n\u00ed osobn\u00edch \u00fadaj\u016f je:<\/p>\n<p>&#8211; Pln\u011bn\u00ed smlouvy mezi V\u00e1mi a spr\u00e1vcem podle \u010dl. 6 odst. 1 p\u00edsm. b) GDPR.<\/p>\n<p>&#8211; Opr\u00e1vn\u011bn\u00fd z\u00e1jem spr\u00e1vce na poskytov\u00e1n\u00ed p\u0159\u00edm\u00e9ho marketingu, na zaji\u0161t\u011bn\u00ed bezprobl\u00e9mov\u00e9ho pr\u016fb\u011bhu poskytovan\u00fdch slu\u017eeb a chodu technick\u00fdch prost\u0159edk\u016f a pro zji\u0161t\u011bn\u00ed zdroj\u016f n\u00e1v\u0161t\u011bvnosti webov\u00fdch str\u00e1nek podle \u010dl. 6 odst. 1 p\u00edsm. f) GDPR.<\/p>\n<p>2. \u00da\u010delem zpracov\u00e1n\u00ed osobn\u00edch \u00fadaj\u016f je:<\/p>\n<p>&#8211; Vy\u0159\u00edzen\u00ed Va\u0161\u00ed objedn\u00e1vky a v\u00fdkon pr\u00e1v a povinnost\u00ed vypl\u00fdvaj\u00edc\u00edch ze smluvn\u00edho vztahu mezi V\u00e1mi a spr\u00e1vcem. P\u0159i objedn\u00e1vce jsou vy\u017eadov\u00e1ny osobn\u00ed \u00fadaje, kter\u00e9 jsou nutn\u00e9 pro \u00fasp\u011b\u0161n\u00e9 vy\u0159\u00edzen\u00ed objedn\u00e1vky a nebo pro \u0159e\u0161en\u00ed situac\u00ed, ve kter\u00fdch je nutn\u00e9 zm\u011bnit parametry objedn\u00e1vky nebo nen\u00ed mo\u017en\u00e9 ji vy\u0159\u00eddit ve stanoven\u00fd term\u00edn a osobn\u00ed \u00fadaje nezbytn\u00e9 pro veden\u00ed \u00fa\u010dtu.<\/p>\n<p>&#8211; Zas\u00edl\u00e1n\u00ed obchodn\u00edch sd\u011blen\u00ed a \u010din\u011bn\u00ed dal\u0161\u00edch marketingov\u00fdch aktivit.<\/p>\n<p>&#8211; Zaji\u0161t\u011bn\u00ed bezprobl\u00e9mov\u00e9ho provozu webov\u00e9 str\u00e1nky, zejm\u00e9na ochrana prost\u0159edk\u016f spr\u00e1vce p\u0159ed nadm\u011brn\u00fdm nebo ne\u017e\u00e1douc\u00edm vyu\u017e\u00edv\u00e1n\u00edm a p\u0159ehled o vyu\u017e\u00edv\u00e1n\u00ed technick\u00fdch prost\u0159edk\u016f a jeho zdroj\u00edch.<\/p>\n<p>&#8211; Prezentace fotografi\u00ed z akce na soci\u00e1ln\u00edch s\u00edt\u00ed.<\/p>\n<p>&#8211; Zji\u0161t\u011bn\u00ed zdroj\u016f n\u00e1v\u0161t\u011bvnosti webov\u00e9 str\u00e1nky za \u00fa\u010delem optimalizace jej\u00ed rychlosti a dostupnosti a za \u00fa\u010delem vyhodnocen\u00ed \u00fasp\u011b\u0161nosti marketingov\u00fdch aktivit.<\/p>\n<p>3. Ze strany spr\u00e1vce nedoch\u00e1z\u00ed k automatick\u00e9mu individu\u00e1ln\u00edmu rozhodov\u00e1n\u00ed ve smyslu \u010dl. 22 GDPR.<\/p>\n<p><b>4. DOBA UCHOV\u00c1N\u00cd \u00daDAJ\u016e<\/b><\/p>\n<p>1. Spr\u00e1vce uchov\u00e1v\u00e1 osobn\u00ed \u00fadaje po dobu nezbytnou k v\u00fdkonu pr\u00e1v a povinnost\u00ed vypl\u00fdvaj\u00edc\u00edch ze smluvn\u00edho vztahu mezi v\u00e1mi a spr\u00e1vcem a uplat\u0148ov\u00e1n\u00ed n\u00e1rok\u016f z t\u011bchto smluvn\u00edch vztah\u016f (po dobu 5 let od ukon\u010den\u00ed smluvn\u00edho vztahu).<\/p>\n<p>2. Spr\u00e1vce uchov\u00e1v\u00e1 osobn\u00ed \u00fadaje pro zaji\u0161t\u011bn\u00ed bezprobl\u00e9mov\u00e9ho provozu webov\u00e9 str\u00e1nky a pro zji\u0161t\u011bn\u00ed zdroj\u016f jej\u00ed n\u00e1v\u0161t\u011bvnosti po dobu 14 m\u011bs\u00edc\u016f.<\/p>\n<p>3. Po uplynut\u00ed doby uchov\u00e1v\u00e1n\u00ed osobn\u00edch \u00fadaj\u016f spr\u00e1vce osobn\u00ed \u00fadaje vyma\u017ee.<\/p>\n<p><b>5. P\u0158\u00cdJEMCI OSOBN\u00cdCH \u00daDAJ\u016e (SUBDODAVATEL\u00c9 SPR\u00c1VCE)<\/b><\/p>\n<p>1. P\u0159\u00edjemci osobn\u00edch \u00fadaj\u016f jsou osoby:<span class=\"Apple-converted-space\">\u00a0<\/span><\/p>\n<p>&#8211; pod\u00edlej\u00edc\u00ed se na dod\u00e1n\u00ed slu\u017eeb na z\u00e1klad\u011b smlouvy,<\/p>\n<p>&#8211; zaji\u0161\u0165uj\u00edc\u00ed slu\u017eby provozov\u00e1n\u00ed webov\u00e9 prezentace a s t\u00edm souvisej\u00edc\u00ed slu\u017eby,<\/p>\n<p>&#8211; zaji\u0161\u0165uj\u00edc\u00ed marketingov\u00e9 slu\u017eby,<\/p>\n<p>&#8211; zaji\u0161\u0165uj\u00edc\u00ed slu\u017eby nezbytn\u00e9 pro provoz spole\u010dnosti (zejm\u00e9na nikoliv v\u0161ak v\u00fdlu\u010dn\u011b \u00fa\u010detn\u00ed, pr\u00e1vn\u00ed a poradensk\u00e9 slu\u017eby).<\/p>\n<p>2. Spr\u00e1vce m\u00e1 v \u00famyslu p\u0159edat osobn\u00ed \u00fadaje do t\u0159et\u00ed zem\u011b (do zem\u011b mimo EU) nebo mezin\u00e1rodn\u00ed organizaci. P\u0159\u00edjemcem osobn\u00edch \u00fadaj\u016f ve t\u0159et\u00edch zem\u00edch je spole\u010dnost Google za \u00fa\u010delem poskytov\u00e1n\u00ed cloudov\u00fdch slu\u017eeb.<\/p>\n<p><b>6. VA\u0160E PR\u00c1VA<\/b><\/p>\n<p>1. Za podm\u00ednek stanoven\u00fdch v GDPR m\u00e1te<\/p>\n<p>&#8211; pr\u00e1vo na p\u0159\u00edstup ke sv\u00fdm osobn\u00edm \u00fadaj\u016fm dle \u010dl. 15 GDPR,<\/p>\n<p>&#8211; pr\u00e1vo opravu osobn\u00edch \u00fadaj\u016f dle \u010dl. 16 GDPR, pop\u0159\u00edpad\u011b omezen\u00ed zpracov\u00e1n\u00ed dle \u010dl. 18 GDPR,<\/p>\n<p>&#8211; pr\u00e1vo na v\u00fdmaz osobn\u00edch \u00fadaj\u016f dle \u010dl. 17 GDPR,<\/p>\n<p>&#8211; pr\u00e1vo vzn\u00e9st n\u00e1mitku proti zpracov\u00e1n\u00ed dle \u010dl. 21 GDPR,<\/p>\n<p>&#8211; pr\u00e1vo na p\u0159enositelnost \u00fadaj\u016f dle \u010dl. 20 GDPR,<\/p>\n<p>&#8211; pr\u00e1vo odvolat souhlas se zpracov\u00e1n\u00edm p\u00edsemn\u011b nebo elektronicky na adresu nebo email spr\u00e1vce uveden\u00fd v \u010dl. III t\u011bchto podm\u00ednek.<\/p>\n<p>2. D\u00e1le m\u00e1te pr\u00e1vo podat st\u00ed\u017enost u \u00da\u0159adu pro ochranu osobn\u00edch \u00fadaj\u016f v p\u0159\u00edpad\u011b, \u017ee se domn\u00edv\u00e1te, \u017ee bylo poru\u0161eno Va\u0161e pr\u00e1vo na ochranu osobn\u00edch \u00fadaj\u016f.<\/p>\n<p><b>7. PODM\u00cdNKY ZABEZPE\u010cEN\u00cd OSOBN\u00cdCH \u00daDAJ\u016e<\/b><\/p>\n<p>1. Spr\u00e1vce prohla\u0161uje, \u017ee p\u0159ijal ve\u0161ker\u00e1 vhodn\u00e1 technick\u00e1 a organiza\u010dn\u00ed opat\u0159en\u00ed k zabezpe\u010den\u00ed osobn\u00edch \u00fadaj\u016f.<\/p>\n<p>2. Spr\u00e1vce p\u0159ijal technick\u00e1 opat\u0159en\u00ed k zabezpe\u010den\u00ed datov\u00fdch \u00falo\u017ei\u0161\u0165 a \u00falo\u017ei\u0161\u0165 osobn\u00edch \u00fadaj\u016f v listinn\u00e9 podob\u011b, zejm\u00e9na \u0161ifrovan\u00fd p\u0159enos dat, pravideln\u00e1 kontrola bezpe\u010dnosti server\u016f, omezen\u00fd p\u0159\u00edstup k technick\u00fdm prost\u0159edk\u016fm a \u00fadaj\u016fm v listinn\u00e9 podob\u011b a dal\u0161\u00ed souvisej\u00edc\u00ed opat\u0159en\u00ed.<\/p>\n<p>3. Spr\u00e1vce prohla\u0161uje, \u017ee k osobn\u00edm \u00fadaj\u016fm maj\u00ed p\u0159\u00edstup pouze j\u00edm pov\u011b\u0159en\u00e9 osoby.<\/p>\n<p><b>8. Z\u00c1V\u011aRE\u010cN\u00c1 USTANOVEN\u00cd<\/b><\/p>\n<p>1. Pou\u017e\u00edv\u00e1n\u00edm webov\u00e9 str\u00e1nky www.unikovka.cz souhlas\u00edte se zpracov\u00e1n\u00edm va\u0161ich osobn\u00edch \u00fadaj\u016f (IP adresa, s\u00ed\u0165ov\u00e9 identifik\u00e1tory) nezbytn\u00fdch pro zaji\u0161t\u011bn\u00ed bezprobl\u00e9mov\u00e9ho provozu technick\u00fdch prost\u0159edk\u016f a zji\u0161t\u011bn\u00ed zdroj\u016f n\u00e1v\u0161t\u011bvnosti webov\u00e9 str\u00e1nky.<\/p>\n<p>2. Odesl\u00e1n\u00edm objedn\u00e1vky z internetov\u00e9ho objedn\u00e1vkov\u00e9ho formul\u00e1\u0159e nebo zalo\u017een\u00edm \u00fa\u010dtu na webov\u00fdch str\u00e1nk\u00e1ch www.unikovka.cz potvrzujete, \u017ee jste sezn\u00e1men\/a s podm\u00ednkami ochrany osobn\u00edch \u00fadaj\u016f a \u017ee je v cel\u00e9m rozsahu p\u0159ij\u00edm\u00e1te.<\/p>\n<p>3. Spr\u00e1vce je opr\u00e1vn\u011bn tyto podm\u00ednky zm\u011bnit. Novou verzi podm\u00ednek ochrany osobn\u00edch \u00fadaj\u016f zve\u0159ejn\u00ed na sv\u00fdch internetov\u00fdch str\u00e1nk\u00e1ch a z\u00e1rove\u0148 v\u00e1m za\u0161le novou verzi t\u011bchto podm\u00ednek va\u0161i e-mailovou adresu, kterou jste spr\u00e1vci poskytl\/a.<\/p>\n<p>Tyto podm\u00ednky nab\u00fdvaj\u00ed \u00fa\u010dinnosti dnem 15.6.2019.<\/p>\n<p>[\/et_pb_text][\/et_pb_column][\/et_pb_row][\/et_pb_section]<\/p>\n","protected":false},"excerpt":{"rendered":"<p>Tento dokument je dostupn\u00fd pouze v \u010desk\u00e9m jazyce. Podm\u00ednky ochrany osobn\u00edch \u00fadaj\u016f Z\u00c1KLADN\u00cd USTANOVEN\u00cd \u00a0 \u00a0 \u00a0 \u00a0 \u00a0 \u00a0 \u00a0 \u00a0 \u00a0 \u00a0 \u00a0 \u00a0 \u00a0 \u00a0 \u00a0 \u00a0 \u00a0 \u00a0 \u00a0 \u00a0 \u00a0 \u00a0 \u00a0 \u00a0 \u00a0 \u00a0 \u00a0 \u00a0 \u00a0 \u00a0 \u00a0 \u00a0 \u00a0 \u00a0 \u00a0 \u00a0 \u00a0 \u00a0 \u00a0 \u00a0 \u00a0 [&hellip;]<\/p>\n","protected":false},"author":2,"featured_media":0,"parent":0,"menu_order":0,"comment_status":"closed","ping_status":"closed","template":"","meta":{"_et_pb_use_builder":"on","_et_pb_old_content":"","_et_gb_content_width":""},"_links":{"self":[{"href":"https:\/\/unikovka.cz\/index.php\/wp-json\/wp\/v2\/pages\/1520"}],"collection":[{"href":"https:\/\/unikovka.cz\/index.php\/wp-json\/wp\/v2\/pages"}],"about":[{"href":"https:\/\/unikovka.cz\/index.php\/wp-json\/wp\/v2\/types\/page"}],"author":[{"embeddable":true,"href":"https:\/\/unikovka.cz\/index.php\/wp-json\/wp\/v2\/users\/2"}],"replies":[{"embeddable":true,"href":"https:\/\/unikovka.cz\/index.php\/wp-json\/wp\/v2\/comments?post=1520"}],"version-history":[{"count":4,"href":"https:\/\/unikovka.cz\/index.php\/wp-json\/wp\/v2\/pages\/1520\/revisions"}],"predecessor-version":[{"id":1683,"href":"https:\/\/unikovka.cz\/index.php\/wp-json\/wp\/v2\/pages\/1520\/revisions\/1683"}],"wp:attachment":[{"href":"https:\/\/unikovka.cz\/index.php\/wp-json\/wp\/v2\/media?parent=1520"}],"curies":[{"name":"wp","href":"https:\/\/api.w.org\/{rel}","templated":true}]}}