{"id":614,"date":"2017-09-08T10:57:41","date_gmt":"2017-09-08T09:57:41","guid":{"rendered":"http:\/\/www.unikovka.cz\/?page_id=614"},"modified":"2020-04-30T17:53:36","modified_gmt":"2020-04-30T17:53:36","slug":"kontakt","status":"publish","type":"page","link":"https:\/\/unikovka.cz\/index.php\/kontakt\/","title":{"rendered":"KONTAKT"},"content":{"rendered":"<p>[et_pb_section fb_built=&#8221;1&#8243; admin_label=&#8221;section&#8221; _builder_version=&#8221;3.22&#8243; background_color=&#8221;#000000&#8243; transparent_background=&#8221;off&#8221; make_fullwidth=&#8221;off&#8221; use_custom_width=&#8221;off&#8221; width_unit=&#8221;on&#8221;][et_pb_row _builder_version=&#8221;3.25&#8243; background_size=&#8221;initial&#8221; background_position=&#8221;top_left&#8221; background_repeat=&#8221;repeat&#8221; max_width=&#8221;1200px&#8221; column_structure=&#8221;2_3,1_3&#8243;][et_pb_column type=&#8221;2_3&#8243; _builder_version=&#8221;3.25&#8243; custom_padding=&#8221;|||&#8221; custom_padding__hover=&#8221;|||&#8221;][et_pb_image src=&#8221;https:\/\/www.unikovka.cz\/wp-content\/uploads\/2019\/06\/002-min-fin-7new-QR.jpg&#8221; align_tablet=&#8221;center&#8221; align_last_edited=&#8221;on|desktop&#8221; _builder_version=&#8221;3.23&#8243; z_index_tablet=&#8221;500&#8243;][\/et_pb_image][\/et_pb_column][et_pb_column type=&#8221;1_3&#8243; _builder_version=&#8221;3.25&#8243; custom_padding=&#8221;|||&#8221; custom_padding__hover=&#8221;|||&#8221;][et_pb_text _builder_version=&#8221;3.27.4&#8243; text_text_color=&#8221;#ffffff&#8221; text_font_size=&#8221;16&#8243; text_line_height=&#8221;1.5em&#8221; header_font_size=&#8221;16px&#8221; background_size=&#8221;initial&#8221; background_position=&#8221;top_left&#8221; background_repeat=&#8221;repeat&#8221; module_alignment=&#8221;left&#8221; z_index_tablet=&#8221;500&#8243; hover_enabled=&#8221;0&#8243;]<\/p>\n<p><span style=\"color: #7cda24;\"><strong>E-MAIL:<\/strong><\/span> OBJEDNAVKY@UNIKOVKA.CZ<\/p>\n<p><span style=\"color: #7cda24;\"><strong>MOBIL:<\/strong><\/span> +420 608 785 859<\/p>\n<p><span style=\"color: #7cda24;\"><strong>WEB:<\/strong><\/span> WWW.UNIKOVKA.CZ<\/p>\n<p><span style=\"color: #7cda24;\"><strong>N\u00c1\u0160 \u00da\u010cET:<\/strong><\/span>\u00a0228666511 \/ 0600<\/p>\n<p><span style=\"color: #7cda24;\"><strong>Z\u00c1KLADN\u00cd CENA:\u00a0<\/strong><\/span>1500,- K\u010c<\/p>\n<p>[\/et_pb_text][et_pb_text _builder_version=&#8221;4.0.6&#8243; text_text_color=&#8221;#ffffff&#8221; text_font_size=&#8221;16&#8243; text_line_height=&#8221;1.3em&#8221; header_font_size=&#8221;16px&#8221; background_size=&#8221;initial&#8221; background_position=&#8221;top_left&#8221; background_repeat=&#8221;repeat&#8221; background_layout=&#8221;dark&#8221; module_alignment=&#8221;left&#8221; z_index_tablet=&#8221;500&#8243; hover_enabled=&#8221;0&#8243;]<\/p>\n<p><span style=\"color: #7cda24;\"><strong>ADRESA:<\/strong><\/span><\/p>\n<p>PURKY\u0147OVA 1316<\/p>\n<p>539 01 &#8211; HLINSKO<\/p>\n<p>(PARDUBICK\u00dd KRAJ)<\/p>\n<p><span style=\"color: #7cda24;\"><strong>MAJITEL\u00c9 HRY:<\/strong><\/span><\/p>\n<p><span style=\"color: #7cda24;\"><\/span>RADOVAN HAMPEJS A VLADO MACHAL<\/p>\n<p><span style=\"color: #7cda24;\"><strong>I\u010cO:<\/strong><\/span><\/p>\n<p><span style=\"color: #7cda24;\"><\/span>87803933<\/p>\n<p>[\/et_pb_text][et_pb_code _builder_version=&#8221;3.22.7&#8243; z_index_tablet=&#8221;500&#8243;]<iframe loading=\"lazy\" src=\"https:\/\/www.facebook.com\/plugins\/like.php?href=https%3A%2F%2Fwww.facebook.com%2Funikovka.cz%2F&#038;width=300&#038;layout=button&#038;action=like&#038;size=large&#038;show_faces=false&#038;share=true&#038;height=65&#038;appId\" width=\"300\" height=\"65\" style=\"border:none;overflow:hidden\" scrolling=\"no\" frameborder=\"0\" allowTransparency=\"true\" allow=\"encrypted-media\"><\/iframe>[\/et_pb_code][\/et_pb_column][\/et_pb_row][\/et_pb_section]<\/p>\n","protected":false},"excerpt":{"rendered":"<p>E-MAIL: OBJEDNAVKY@UNIKOVKA.CZ MOBIL: +420 608 785 859 WEB: WWW.UNIKOVKA.CZ N\u00c1\u0160 \u00da\u010cET:\u00a0228666511 \/ 0600 Z\u00c1KLADN\u00cd CENA:\u00a01500,- K\u010c ADRESA: PURKY\u0147OVA 1316 539 01 &#8211; HLINSKO (PARDUBICK\u00dd KRAJ) MAJITEL\u00c9 HRY: RADOVAN HAMPEJS A VLADO MACHAL I\u010cO: 87803933<\/p>\n","protected":false},"author":2,"featured_media":0,"parent":0,"menu_order":0,"comment_status":"closed","ping_status":"closed","template":"","meta":{"_et_pb_use_builder":"on","_et_pb_old_content":"","_et_gb_content_width":""},"_links":{"self":[{"href":"https:\/\/unikovka.cz\/index.php\/wp-json\/wp\/v2\/pages\/614"}],"collection":[{"href":"https:\/\/unikovka.cz\/index.php\/wp-json\/wp\/v2\/pages"}],"about":[{"href":"https:\/\/unikovka.cz\/index.php\/wp-json\/wp\/v2\/types\/page"}],"author":[{"embeddable":true,"href":"https:\/\/unikovka.cz\/index.php\/wp-json\/wp\/v2\/users\/2"}],"replies":[{"embeddable":true,"href":"https:\/\/unikovka.cz\/index.php\/wp-json\/wp\/v2\/comments?post=614"}],"version-history":[{"count":133,"href":"https:\/\/unikovka.cz\/index.php\/wp-json\/wp\/v2\/pages\/614\/revisions"}],"predecessor-version":[{"id":1733,"href":"https:\/\/unikovka.cz\/index.php\/wp-json\/wp\/v2\/pages\/614\/revisions\/1733"}],"wp:attachment":[{"href":"https:\/\/unikovka.cz\/index.php\/wp-json\/wp\/v2\/media?parent=614"}],"curies":[{"name":"wp","href":"https:\/\/api.w.org\/{rel}","templated":true}]}}