{"id":618,"date":"2017-09-08T10:59:18","date_gmt":"2017-09-08T09:59:18","guid":{"rendered":"http:\/\/www.unikovka.cz\/?page_id=618"},"modified":"2018-12-13T18:20:32","modified_gmt":"2018-12-13T17:20:32","slug":"bonusy","status":"publish","type":"page","link":"https:\/\/unikovka.cz\/index.php\/bonusy\/","title":{"rendered":"BONUSY"},"content":{"rendered":"<p>[et_pb_section bb_built=&#8221;1&#8243; admin_label=&#8221;section&#8221; transparent_background=&#8221;off&#8221; background_color=&#8221;#000000&#8243; allow_player_pause=&#8221;off&#8221; inner_shadow=&#8221;off&#8221; parallax=&#8221;off&#8221; parallax_method=&#8221;off&#8221; make_fullwidth=&#8221;off&#8221; use_custom_width=&#8221;off&#8221; width_unit=&#8221;on&#8221; make_equal=&#8221;off&#8221; use_custom_gutter=&#8221;off&#8221;][et_pb_row][et_pb_column type=&#8221;1_2&#8243;][et_pb_text _builder_version=&#8221;3.13.1&#8243; text_line_height=&#8221;1.2em&#8221; text_font_size=&#8221;28px&#8221; background_layout=&#8221;dark&#8221;]<\/p>\n<h3 class=\"et_pb_slide_title\"><span style=\"color: #00ff00;\"><strong>RECENZE EXTERN\u00cdCH PORT\u00c1L\u016e (<\/strong><\/span><span style=\"color: #00ff00;\"><strong>NECENZUROVAN\u00c9)<\/strong><\/span><\/h3>\n<h5><span style=\"color: #00ff00;\">(SOLVEPRAGUE, EXITGAMES)<\/span><\/h5>\n<p>[\/et_pb_text][et_pb_image _builder_version=&#8221;3.13.1&#8243; src=&#8221;https:\/\/www.unikovka.cz\/wp-content\/uploads\/2018\/10\/01.png&#8221; \/][et_pb_image _builder_version=&#8221;3.13.1&#8243; src=&#8221;https:\/\/www.unikovka.cz\/wp-content\/uploads\/2018\/10\/exitgames.png&#8221; \/][et_pb_image _builder_version=&#8221;3.13.1&#8243; src=&#8221;https:\/\/www.unikovka.cz\/wp-content\/uploads\/2018\/10\/02.png&#8221; \/][et_pb_image _builder_version=&#8221;3.13.1&#8243; src=&#8221;https:\/\/www.unikovka.cz\/wp-content\/uploads\/2018\/10\/exit2.png&#8221; \/][et_pb_image _builder_version=&#8221;3.13.1&#8243; src=&#8221;https:\/\/www.unikovka.cz\/wp-content\/uploads\/2018\/10\/03.png&#8221; \/][et_pb_image _builder_version=&#8221;3.13.1&#8243; src=&#8221;https:\/\/www.unikovka.cz\/wp-content\/uploads\/2018\/10\/exit3.png&#8221; \/][et_pb_image _builder_version=&#8221;3.13.1&#8243; src=&#8221;https:\/\/www.unikovka.cz\/wp-content\/uploads\/2018\/10\/04.png&#8221; \/][et_pb_image _builder_version=&#8221;3.13.1&#8243; src=&#8221;https:\/\/www.unikovka.cz\/wp-content\/uploads\/2018\/10\/05.png&#8221; \/][et_pb_image _builder_version=&#8221;3.13.1&#8243; src=&#8221;https:\/\/www.unikovka.cz\/wp-content\/uploads\/2018\/10\/06.png&#8221; \/][et_pb_image _builder_version=&#8221;3.13.1&#8243; src=&#8221;https:\/\/www.unikovka.cz\/wp-content\/uploads\/2018\/10\/07.png&#8221; \/][et_pb_image _builder_version=&#8221;3.13.1&#8243; src=&#8221;https:\/\/www.unikovka.cz\/wp-content\/uploads\/2018\/10\/08.png&#8221; \/][et_pb_image _builder_version=&#8221;3.13.1&#8243; src=&#8221;https:\/\/www.unikovka.cz\/wp-content\/uploads\/2018\/10\/09.png&#8221; \/][et_pb_image _builder_version=&#8221;3.13.1&#8243; src=&#8221;https:\/\/www.unikovka.cz\/wp-content\/uploads\/2018\/10\/11.png&#8221; \/][et_pb_image _builder_version=&#8221;3.13.1&#8243; src=&#8221;https:\/\/www.unikovka.cz\/wp-content\/uploads\/2018\/10\/10.png&#8221; \/][et_pb_image _builder_version=&#8221;3.13.1&#8243; src=&#8221;https:\/\/www.unikovka.cz\/wp-content\/uploads\/2018\/10\/12.png&#8221; \/][\/et_pb_column][et_pb_column type=&#8221;1_2&#8243;][et_pb_text _builder_version=&#8221;3.13.1&#8243; text_line_height=&#8221;1.2em&#8221; text_font_size=&#8221;28px&#8221; background_layout=&#8221;dark&#8221;]<\/p>\n<h3 class=\"et_pb_slide_title\"><span style=\"color: #00ff00;\"><strong>\u00daSP\u011a\u0160N\u00cd HR\u00c1\u010cI &#8211; FB DATAB\u00c1ZE<\/strong><\/span><\/h3>\n<p>[\/et_pb_text][et_pb_image _builder_version=&#8221;3.8&#8243; src=&#8221;https:\/\/www.unikovka.cz\/wp-content\/uploads\/2018\/08\/hra\u010di-kompil-01.jpg&#8221; url=&#8221;https:\/\/www.facebook.com\/media\/set\/?set=a.822346531291925.1073741830.645284055664841&amp;type=1&amp;l=9b6455e1b0&#8243; url_new_window=&#8221;on&#8221; \/][et_pb_text _builder_version=&#8221;3.13.1&#8243; text_line_height=&#8221;1.2em&#8221; text_font_size=&#8221;28px&#8221; background_layout=&#8221;dark&#8221;]<\/p>\n<h3 class=\"et_pb_slide_title\"><span style=\"color: #00ff00;\"><strong>O \u00daNIKOVK\u00c1CH \u2013 JAKUB JANSA<\/strong><\/span><\/h3>\n<div class=\"et_pb_slide_content\">\n<h5><span style=\"color: #00ff00;\"><strong>(\u010cl\u00e1nek pro UNIKOVKA.CZ)<\/strong><\/span><\/h5>\n<p>\u00danikov\u00e1 hra je z\u00e1bavn\u00e1 kratochv\u00edle pro men\u0161\u00ed skupinu hr\u00e1\u010d\u016f (2-6). Tak jako spousta progresivn\u00edch, \u0161\u00edlen\u00fdch, \u010di \u0161\u00edlen\u011b progresivn\u00edch v\u011bc\u00ed poch\u00e1z\u00ed z Japonska. Je to z\u0159ejm\u011b t\u00edm, \u017ee v t\u00e9to zemi je nadpr\u016fm\u011brn\u00e1 koncentrace progresivn\u00edch \u0161\u00edlenc\u016f. To ale nikoho nep\u0159ekvap\u00ed, \u017ee? V samotn\u00e9 h\u0159e jde obvykle o to, \u017ee skupina hr\u00e1\u010d\u016f je zav\u0159ena kamsi. Do m\u00edstnosti, sklepen\u00ed, lodi nebo \u010dehokoliv jin\u00e9ho. A mus\u00ed se dostat ven. Hned, jak za V\u00e1mi zapadne z\u00e1mek, za\u010dnou p\u011bkn\u011b tikat hodinky s \u010dasov\u00fdm limitem. Obvykle to b\u00fdv\u00e1 hodina. No a b\u011bhem t\u00e9 hodiny mus\u00edte p\u0159ij\u00edt na to, jak na to. Je t\u0159eba po\u0159\u00e1dn\u011b prozkoumat v\u0161echny mo\u017enosti, vychyt\u00e1vky a schovky, kter\u00e9 V\u00e1m dan\u00e9 prost\u0159ed\u00ed poskytuje. Hra tak\u00e9 \u010dasto vy\u017eaduje intenzivn\u00ed kooperaci od \u010dlen\u016f uv\u011bzn\u011bn\u00e9ho t\u00fdmu a klade tak na n\u011b zv\u00fd\u0161en\u00e9 n\u00e1roky zejm\u00e9na v tom smyslu, \u017ee by se p\u0159ed jej\u00edm koncem nem\u011bli poh\u00e1dat. Nebo tedy alespo\u0148 ne moc. P\u0159edev\u0161\u00edm partnersk\u00fdm dvoj\u00edc\u00edm se d\u016frazn\u011b doporu\u010duje, aby si n\u00e1v\u0161t\u011bvu \u00fanikovky dob\u0159e rozmysleli. B\u011bhem t\u00e9 hodiny toti\u017e m\u016f\u017eete p\u0159ij\u00edt na to, \u017ee \u017eijete nejen s po\u0159\u00e1dn\u00fdm cholerikem, ale je\u0161t\u011b k tomu t\u0159eba s n\u011bk\u00fdm zcela v \u017eivot\u011b nepou\u017eiteln\u00fdm. Nicm\u00e9n\u011b i p\u0159es to za\u017e\u00edvaj\u00ed v posledn\u00edch letech \u00fanikov\u00e9 hry ve st\u0159edn\u00ed Evrop\u011b neb\u00fdval\u00fd rozmach. Nejv\u011bt\u0161\u00ed velmoc\u00ed je v tomto ohledu Ma\u010farsko, kde se \u00fanikovky staly po paprik\u00e1ch a Tokajsk\u00e9m jednou z nejv\u00fdznam\u011bj\u0161\u00edch hnac\u00edch sil tam\u011bj\u0161\u00edho hospod\u00e1\u0159stv\u00ed. Ale ani v \u010cesku nez\u016fst\u00e1v\u00e1me pozadu. Nejr\u016fzn\u011bj\u0161\u00edch \u00fanikovek tu je jako m\u00e1ku a \u017eije tu dokonce jeden z nejproslulej\u0161\u00edch hr\u00e1\u010d\u016f \u00fanikov\u00fdch her. T\u00edm je pan Ji\u0159\u00ed Kaj\u00ednek, kter\u00e9mu se zat\u00edm jako jedin\u00e9mu na sv\u011bt\u011b poda\u0159ilo dohr\u00e1t mimo\u0159\u00e1dn\u011b obt\u00ed\u017enou t\u00e9matickou \u00fanikovku \u201eHrad M\u00edrov\u201c. Pravda, m\u011bl na to o n\u011bco v\u00edc ne\u017e hodinu. Konkurence je ale v \u010cR v tomto ohledu opravdu velik\u00e1. Nam\u00e1tkou m\u016f\u017eeme jmenovat borce jako David Rath, Marek Dal\u00edk \u010di Roman Janou\u0161ek. Nesm\u00edme samoz\u0159ejm\u011b zapomenout ani na nov\u00e9 vych\u00e1zej\u00edc\u00ed hv\u011bzdy tohoto oboru. Ty jejich \u00fanik ze zam\u010den\u00e9 m\u00edstnosti zanedlouho \u010dek\u00e1. Tak co? Zaujaly V\u00e1s \u00fanikovky? Jednu m\u016f\u017eete nav\u0161t\u00edvit pr\u00e1v\u011b u n\u00e1s!<\/p>\n<\/div>\n<p>[\/et_pb_text][et_pb_text _builder_version=&#8221;3.13.1&#8243; text_line_height=&#8221;1.2em&#8221; text_font_size=&#8221;28px&#8221; background_layout=&#8221;dark&#8221;]<\/p>\n<h3 class=\"et_pb_slide_title\"><span style=\"color: #00ff00;\"><strong>DRAKEOVA ROVNICE<\/strong><\/span><\/h3>\n<div class=\"et_pb_slide_content\">\n<h5><span style=\"color: #00ff00;\"><strong>(MATEMATICK\u00dd VZTAH, KTER\u00dd TEORETICKY UMO\u017d\u0147UJE UR\u010cIT PO\u010cET KOMUNIKACESCHOPN\u00ddCH MIMOZEMSK\u00ddCH CIVILIZAC\u00cd EXISTUJ\u00cdC\u00cdCH VE STEJN\u00c9M OKAM\u017dIKU)<\/strong><\/span><\/h5>\n<\/div>\n<p>[\/et_pb_text][et_pb_text _builder_version=&#8221;3.13.1&#8243; text_line_height=&#8221;1.2em&#8221; text_font_size=&#8221;28px&#8221; background_layout=&#8221;dark&#8221; background_color=&#8221;#7cda24&#8243;]<\/p>\n<h3 class=\"et_pb_slide_title\"><span style=\"color: #00ff00;\"><strong><img class=\"mwe-math-fallback-image-inline aligncenter\" src=\"https:\/\/wikimedia.org\/api\/rest_v1\/media\/math\/render\/svg\/3b6dc6e007e51ea0645445b9713cf522b3304c63\" alt=\"{\\displaystyle N=R^{*}~\\cdot ~f_{p}~\\cdot ~n_{e}~\\cdot ~f_{l}~\\cdot ~f_{i}~\\cdot ~f_{c}~\\cdot ~L}\" aria-hidden=\"true\" \/><\/strong><\/span><\/h3>\n<p>[\/et_pb_text][et_pb_text _builder_version=&#8221;3.13.1&#8243; background_layout=&#8221;dark&#8221;]<\/p>\n<h6><\/h6>\n<ul>\n<li>\n<h6><b>R*<\/b> \u2013 ozna\u010den\u00ed p\u0159\u00edr\u016fstku po\u010dtu hv\u011bzd v <a title=\"Galaxie Ml\u00e9\u010dn\u00e1 dr\u00e1ha\" href=\"https:\/\/cs.wikipedia.org\/wiki\/Galaxie_Ml%C3%A9%C4%8Dn%C3%A1_dr%C3%A1ha\">Ml\u00e9\u010dn\u00e9 dr\u00e1ze<\/a> za ur\u010dit\u00e9 obdob\u00ed (6\u00a0\u2013\u00a040; 10 za rok),<\/h6>\n<\/li>\n<li>\n<h6><b>f<sub>p<\/sub><\/b> \u2013 pod\u00edl hv\u011bzd, kter\u00e9 (podobn\u011b jako <a title=\"Slunce\" href=\"https:\/\/cs.wikipedia.org\/wiki\/Slunce\">Slunce<\/a>) maj\u00ed okolo sebe <a title=\"Planet\u00e1rn\u00ed soustava\" href=\"https:\/\/cs.wikipedia.org\/wiki\/Planet%C3%A1rn%C3%AD_soustava\">planet\u00e1rn\u00ed syst\u00e9my<\/a> (0,1\u00a0\u2013\u00a00,5; 0,5),<\/h6>\n<\/li>\n<li>\n<h6><b>n<sub>e<\/sub><\/b> \u2013 pr\u016fm\u011brn\u00e1 hodnota po\u010dtu planet v planet\u00e1rn\u00edm syst\u00e9mu, na kter\u00fdch panuj\u00ed vhodn\u00e9 podm\u00ednky pro \u017eivot (0,5\u00a0\u2013\u00a02,5; 2),<\/h6>\n<\/li>\n<li>\n<h6><b>f<sub>l<\/sub><\/b> \u2013 pom\u011br z p\u0159edchoz\u00edch vhodn\u00fdch planet, na kter\u00fdch se \u017eivot skute\u010dn\u011b vyvine (0,01\u00a0\u2013\u00a01; 1),<\/h6>\n<\/li>\n<li>\n<h6><b>f<sub>i<\/sub><\/b> \u2013 pom\u011br z p\u0159edchoz\u00edho, kde \u017eivot vznikl a rozv\u00edjel se a\u017e k inteligentn\u00ed form\u011b \u017eivota (10<sup>\u22127<\/sup>\u00a0\u2013\u00a01; 0,01),<\/h6>\n<\/li>\n<li>\n<h6><b>f<sub>c<\/sub><\/b> \u2013 pod\u00edl inteligentn\u00edch forem \u017eivota, kter\u00e9 dos\u00e1hly schopnosti aktivn\u00ed mezihv\u011bzdn\u00e9 komunikace (0,01\u00a0\u2013\u00a00,1; 0,01),<\/h6>\n<\/li>\n<li>\n<h6><b>L<\/b> \u2013 odhad d\u00e9lky existence inteligentn\u00ed \u017eivotn\u00ed formy schopn\u00e9 mezihv\u011bzdn\u00e9 komunikace (100\u00a0\u2013\u00a010<sup>9<\/sup>; 10000 let).<\/h6>\n<\/li>\n<\/ul>\n<p>[\/et_pb_text][et_pb_code _builder_version=&#8221;3.13.1&#8243;]&lt;script type=&#8221;text\/javascript&#8221; id=&#8221;WolframAlphaScript5701ade7682756f85afbd2ea790c2bd1&#8243; src=&#8221;\/\/www.wolframalpha.com\/widget\/widget.jsp?id=5701ade7682756f85afbd2ea790c2bd1&amp;theme=green&#8221;&gt;&lt;\/script&gt;[\/et_pb_code][et_pb_image _builder_version=&#8221;3.8&#8243; src=&#8221;https:\/\/www.unikovka.cz\/wp-content\/uploads\/2018\/08\/UNIKOVKA-srandy-web.jpg&#8221; \/][et_pb_text _builder_version=&#8221;3.13.1&#8243; text_line_height=&#8221;1.2em&#8221; text_font_size=&#8221;28px&#8221; background_layout=&#8221;dark&#8221;]<\/p>\n<h3 class=\"et_pb_slide_title\"><span style=\"color: #00ff00;\"><strong>\u00daNIKY \u2013 FILIP JAN ZVOLSK\u00dd<\/strong><\/span><\/h3>\n<div class=\"et_pb_slide_content\">\n<h5><span style=\"color: #00ff00;\"><strong>(\u010cl\u00e1nek pro UNIKOVKA.CZ)<\/strong><\/span><\/h5>\n<p>\u017dijeme v unik\u00e1tn\u00ed dob\u011b. Dlouho nebyla v\u00e1lka, m\u00e1me co j\u00edst, kde bydlet, kde pracovat. Vlastn\u011b by n\u00e1m m\u011blo b\u00fdt v\u00edce ne\u017e dob\u0159e. A snad pr\u00e1v\u011b proto, \u017ee lid\u00e9 r\u00e1di to, co nemaj\u00ed, z t\u00e9to pohody unik\u00e1me. A unik\u00e1me klidn\u011b i do nepohody. Do nebezpe\u010d\u00ed. Tam kam bychom jinak necht\u011bli \u2013 do zatuchl\u00fdch kobek, do v\u011bzen\u00ed, do mu\u010d\u00edren\u2026 ale pozor. V\u0161e mus\u00ed b\u00fdt se stoprocentn\u00ed z\u00e1rukou bezpe\u010dn\u00e9ho n\u00e1vratu. To co toti\u017e ve skute\u010dnosti hled\u00e1me jsou z\u00e1\u017eitky. A tak p\u0159ich\u00e1zej\u00ed do m\u00f3dy \u00fanikov\u00e9 hry. Dobrovoln\u011b se nech\u00e1me zav\u0159\u00edt do jin\u00e9 reality. N\u00e9 virtu\u00e1ln\u00ed, ta u\u017e je p\u0159e\u017eit\u00e1. Tak tro\u0161ku se vrac\u00edme k realit\u011b hmatateln\u00e9, nad kterou se v\u0161ak nam\u00edsto zbyte\u010dn\u00fdch technick\u00fdch dokonalost\u00ed 3D br\u00fdl\u00ed virtu\u00e1ln\u00ed reality, klene p\u0159\u00edb\u011bh. Vypr\u00e1v\u011bn\u00ed. To co tmelilo lidi u\u017e od prad\u00e1vna, kdy se po ve\u010derech choulili u ohn\u011b v jeskyni, pozd\u011bji u kamen p\u0159i dran\u00ed pe\u0159\u00ed, pozd\u011bji u jedin\u00e9 televize v okol\u00ed \u010di r\u00e1dia s p\u0159\u00edjmem Svobodn\u00e9 evropy. A tak op\u011bt tedy slovo, je\u017e bylo na po\u010d\u00e1tku \u2013 p\u0159\u00edb\u011bh \u2013 p\u0159eb\u00edr\u00e1 v\u016fd\u010d\u00ed roli a vede n\u00e1s, nav\u00e1d\u00ed n\u00e1s k \u00fakol\u016fm, kter\u00e9 m\u00e1me splnit, abychom p\u0159\u00edb\u011bhem mohli j\u00edt d\u00e1l. Je to nadstavba d\u00e1vn\u00e9ho vypr\u00e1v\u011bn\u00ed, kter\u00e1 op\u011bt poj\u00ed lidi. Tento z\u00e1\u017eitek toti\u017e nen\u00ed jen v\u00e1\u0161, je v\u00e1s v\u0161ech a nikoho jin\u00e9ho. Cel\u00e9 skupinky, kter\u00e1 se vyd\u00e1 p\u0159\u00edb\u011bh pro\u017e\u00edvat. A ta hodinka, kterou pro\u017eijete v\u00e1m obohat\u00ed hodiny a dny n\u00e1sleduj\u00edc\u00ed, kdy budete vzpom\u00ednat, vypr\u00e1v\u011bt si znovu a znovu o sv\u00fdch z\u00e1\u017eitc\u00edch, sd\u00edlet sv\u00e9 pocity, budete si bl\u00ed\u017ee jako by ta mal\u00e1 m\u00edstnost ve kter\u00e9 v\u00e1s zav\u0159eli byla st\u00e1le kolem v\u00e1s a sbli\u017eovala, i kdy\u017e u\u017e budete ka\u017ed\u00fd n\u011bkde jinde. A vy tak uniknete jednomu velk\u00e9mu nebezpe\u010d\u00ed na\u0161\u00ed doby \u2013 samot\u011b, kterou p\u0159in\u00e1\u0161\u00ed virtu\u00e1ln\u00ed sv\u011bt. Na \u201enerealit\u011b\u201c \u00fanikov\u00e9 hry je toti\u017e nejd\u016fle\u017eit\u011bj\u0161\u00ed to, \u017ee je re\u00e1ln\u00e1, hmatateln\u00e1 a vy v n\u00ed opravdu jste se sv\u00fdmi p\u0159\u00e1teli. Tady se d\u00e1v\u00e1 \u201eLike\u201c skute\u010dn\u00fdm palcem vzh\u016fru a \u201esd\u00edl\u00ed\u201c pohledem. M\u00e1te chu\u0165 si zkusit na\u0161\u00ed \u00fanikovku?! Pak p\u0159ijm\u011bte pozv\u00e1n\u00ed\u2026<\/p>\n<\/div>\n<p>[\/et_pb_text][et_pb_text _builder_version=&#8221;3.13.1&#8243; text_line_height=&#8221;1.2em&#8221; text_font_size=&#8221;28px&#8221; background_layout=&#8221;dark&#8221;]<\/p>\n<h3 class=\"et_pb_slide_title\"><span style=\"color: #00ff00;\"><strong>T\u00c9MATICK\u00c1 VIDEA Z EXTERN\u00cdCH ZDROJ\u016e<\/strong><\/span><\/h3>\n<p>[\/et_pb_text][et_pb_code _builder_version=&#8221;3.8&#8243;]&lt;iframe width=&#8221;560&#8243; height=&#8221;315&#8243; src=&#8221;https:\/\/www.youtube.com\/embed\/ih4WM5BdzkI?rel=0&#8243; frameborder=&#8221;0&#8243; allow=&#8221;autoplay; encrypted-media&#8221; allowfullscreen&gt;&lt;\/iframe&gt;&lt;!&#8211; [et_pb_line_break_holder] &#8211;&gt;&lt;iframe width=&#8221;560&#8243; height=&#8221;315&#8243; src=&#8221;https:\/\/www.youtube.com\/embed\/huiDrjbwnIo?rel=0&#8243; frameborder=&#8221;0&#8243; allow=&#8221;autoplay; encrypted-media&#8221; allowfullscreen&gt;&lt;\/iframe&gt;[\/et_pb_code][et_pb_text _builder_version=&#8221;3.13.1&#8243; text_line_height=&#8221;1.2em&#8221; text_font_size=&#8221;28px&#8221; background_layout=&#8221;dark&#8221;]<\/p>\n<h3 class=\"et_pb_slide_title\"><span style=\"color: #00ff00;\"><strong>T\u00c9MATICK\u00c9 ODKAZY NA EXTERN\u00cd WEBY<\/strong><\/span><\/h3>\n<p>[\/et_pb_text][et_pb_text _builder_version=&#8221;3.13.1&#8243;]<\/p>\n<p style=\"text-align: center;\"><a href='https:\/\/www.nasa.gov' class='small-button smallblack' target=\"_blank\">NASA (OFICI\u00c1LN\u00cd WEB)<\/a><\/p>\n<p style=\"text-align: center;\"><a href='https:\/\/www.seti.org' class='small-button smallblack' target=\"_blank\">SETI (OFICI\u00c1LN\u00cd WEB)<\/a><\/p>\n<p style=\"text-align: center;\"><a href='http:\/\/seti.czechnationalteam.cz' class='small-button smallblack' target=\"_blank\">SETI HOME<\/a><\/p>\n<p style=\"text-align: center;\"><a href='http:\/\/www.mufon.com\/live-ufo-map.html' class='small-button smallblack' target=\"_blank\">MUFON (MAPA UFO)<\/a><\/p>\n<p style=\"text-align: center;\"><a href='http:\/\/www.projektzare.cz' class='small-button smallblack' target=\"_blank\">UFO V \u010cR (PROJEKT Z\u00c1\u0158E)<\/a><\/p>\n<p>[\/et_pb_text][\/et_pb_column][\/et_pb_row][et_pb_row][et_pb_column type=&#8221;1_2&#8243;][\/et_pb_column][et_pb_column type=&#8221;1_2&#8243;][\/et_pb_column][\/et_pb_row][et_pb_row][et_pb_column type=&#8221;1_4&#8243;][\/et_pb_column][et_pb_column type=&#8221;1_4&#8243;][\/et_pb_column][et_pb_column type=&#8221;1_2&#8243;][\/et_pb_column][\/et_pb_row][\/et_pb_section]<\/p>\n","protected":false},"excerpt":{"rendered":"<p><div class=\"et_pb_row et_pb_row_0 et_pb_row_empty\">\n\t\t\t\t\n\t\t\t\t\n\t\t\t\t\n\t\t\t\t\n\t\t\t\t\n\t\t\t<\/div> RECENZE EXTERN\u00cdCH PORT\u00c1L\u016e (NECENZUROVAN\u00c9) (SOLVEPRAGUE, EXITGAMES) \u00daSP\u011a\u0160N\u00cd HR\u00c1\u010cI &#8211; FB DATAB\u00c1ZE O \u00daNIKOVK\u00c1CH \u2013 JAKUB JANSA (\u010cl\u00e1nek pro UNIKOVKA.CZ) \u00danikov\u00e1 hra je z\u00e1bavn\u00e1 kratochv\u00edle pro men\u0161\u00ed skupinu hr\u00e1\u010d\u016f (2-6). Tak jako spousta progresivn\u00edch, \u0161\u00edlen\u00fdch, \u010di \u0161\u00edlen\u011b progresivn\u00edch v\u011bc\u00ed poch\u00e1z\u00ed z Japonska. Je to z\u0159ejm\u011b t\u00edm, \u017ee v t\u00e9to zemi je nadpr\u016fm\u011brn\u00e1 koncentrace progresivn\u00edch \u0161\u00edlenc\u016f. [&hellip;]<\/p>\n","protected":false},"author":2,"featured_media":0,"parent":0,"menu_order":0,"comment_status":"closed","ping_status":"closed","template":"","meta":{"_et_pb_use_builder":"on","_et_pb_old_content":"","_et_gb_content_width":""},"_links":{"self":[{"href":"https:\/\/unikovka.cz\/index.php\/wp-json\/wp\/v2\/pages\/618"}],"collection":[{"href":"https:\/\/unikovka.cz\/index.php\/wp-json\/wp\/v2\/pages"}],"about":[{"href":"https:\/\/unikovka.cz\/index.php\/wp-json\/wp\/v2\/types\/page"}],"author":[{"embeddable":true,"href":"https:\/\/unikovka.cz\/index.php\/wp-json\/wp\/v2\/users\/2"}],"replies":[{"embeddable":true,"href":"https:\/\/unikovka.cz\/index.php\/wp-json\/wp\/v2\/comments?post=618"}],"version-history":[{"count":179,"href":"https:\/\/unikovka.cz\/index.php\/wp-json\/wp\/v2\/pages\/618\/revisions"}],"predecessor-version":[{"id":1674,"href":"https:\/\/unikovka.cz\/index.php\/wp-json\/wp\/v2\/pages\/618\/revisions\/1674"}],"wp:attachment":[{"href":"https:\/\/unikovka.cz\/index.php\/wp-json\/wp\/v2\/media?parent=618"}],"curies":[{"name":"wp","href":"https:\/\/api.w.org\/{rel}","templated":true}]}}