{"id":634,"date":"2017-09-18T07:59:52","date_gmt":"2017-09-18T06:59:52","guid":{"rendered":"http:\/\/www.unikovka.cz\/?page_id=634"},"modified":"2020-04-30T19:07:14","modified_gmt":"2020-04-30T19:07:14","slug":"voucher","status":"publish","type":"page","link":"https:\/\/unikovka.cz\/index.php\/voucher\/","title":{"rendered":"VOUCHER"},"content":{"rendered":"<p>[et_pb_section fb_built=&#8221;1&#8243; admin_label=&#8221;section&#8221; _builder_version=&#8221;3.22&#8243; background_color=&#8221;#000000&#8243; transparent_background=&#8221;off&#8221; make_fullwidth=&#8221;off&#8221; use_custom_width=&#8221;off&#8221; width_unit=&#8221;on&#8221;][et_pb_row admin_label=&#8221;row&#8221; _builder_version=&#8221;3.25&#8243; background_color=&#8221;#000000&#8243; background_size=&#8221;initial&#8221; background_position=&#8221;top_left&#8221; background_repeat=&#8221;repeat&#8221; max_width=&#8221;1200px&#8221; make_fullwidth=&#8221;off&#8221; use_custom_width=&#8221;off&#8221; width_unit=&#8221;on&#8221; column_structure=&#8221;1_2,1_2&#8243;][et_pb_column type=&#8221;1_2&#8243; _builder_version=&#8221;3.25&#8243; custom_padding=&#8221;|||&#8221; custom_padding__hover=&#8221;|||&#8221;][et_pb_image src=&#8221;http:\/\/www.unikovka.cz\/wp-content\/uploads\/2017\/09\/PRO-WEB-min.png&#8221; align_tablet=&#8221;center&#8221; align_last_edited=&#8221;on|desktop&#8221; _builder_version=&#8221;3.23&#8243; animation_style=&#8221;slide&#8221; animation_direction=&#8221;left&#8221; animation_duration=&#8221;500ms&#8221; animation_intensity_slide=&#8221;10%&#8221; animation=&#8221;left&#8221; sticky=&#8221;off&#8221; use_border_color=&#8221;off&#8221; border_color=&#8221;#ffffff&#8221; border_style=&#8221;solid&#8221; always_center_on_mobile=&#8221;on&#8221;][\/et_pb_image][et_pb_text _builder_version=&#8221;3.27.4&#8243; text_text_color=&#8221;#ffffff&#8221; text_font_size=&#8221;16&#8243; text_line_height=&#8221;1.3em&#8221; header_font_size=&#8221;16px&#8221; background_size=&#8221;initial&#8221; background_position=&#8221;top_left&#8221; background_repeat=&#8221;repeat&#8221; background_layout=&#8221;dark&#8221; module_alignment=&#8221;left&#8221; hover_enabled=&#8221;0&#8243;]<\/p>\n<h3><strong><span style=\"color: #00ff00;\">IDE\u00c1LN\u00cd D\u00c1REK<\/span><\/strong><\/h3>\n<p>VYMYSLET ORIGIN\u00c1LN\u00cd D\u00c1REK NEN\u00cd NIC JEDNODUCH\u00c9HO.<\/p>\n<p><strong>N\u00c1\u0160 VOUCHER JE SUPER VOLBOU !!!<\/strong><\/p>\n<p>DARUJETE ROZPT\u00ddLEN\u00cd, VZRU\u0160EN\u00cd I RADOST ZE HRY<\/p>\n<p>(MIMOCHODEM &#8211; OBDAROVAN\u00dd V\u00c1S VEZME MO\u017dN\u00c1 S SEBOU, TAK\u017dE UD\u011aL\u00c1TE RADOST NEJEN JEMU, ALE I SOB\u011a A ROZD\u00c1TE J\u00cd I DAL\u0160\u00cdM T\u0158EM LIDEM).<\/p>\n<p><strong>TO JE B\u00c1JE\u010cN\u00c9, NEMYSL\u00cdTE ?!<\/strong><\/p>\n<p>[\/et_pb_text][\/et_pb_column][et_pb_column type=&#8221;1_2&#8243; _builder_version=&#8221;3.25&#8243; custom_padding=&#8221;|||&#8221; custom_padding__hover=&#8221;|||&#8221;][et_pb_text _builder_version=&#8221;3.27.4&#8243; text_font_size=&#8221;16&#8243; text_line_height=&#8221;1.3em&#8221; header_font_size=&#8221;20px&#8221; background_size=&#8221;initial&#8221; background_position=&#8221;top_left&#8221; background_repeat=&#8221;repeat&#8221; background_layout=&#8221;dark&#8221; module_alignment=&#8221;left&#8221;]<\/p>\n<h3><span style=\"color: #00ff00;\"><strong>NAPI\u0160TE SI O VOUCHER<\/strong><\/span><\/h3>\n<p>&nbsp;<\/p>\n<p>NA E-MAIL:\u00a0<strong><span style=\"color: #00ff00;\">OBJEDNAVKY@UNIKOVKA.CZ <\/span><\/strong><\/p>\n<p>1.- UVE\u010eTE, ZDA CHCETE VOUCHER ZASLAT E-MAILEM, NEBO V PODOB\u011a TI\u0160T\u011aN\u00c9 KARTI\u010cKY NA PO\u0160TOVN\u00cd ADRESU.<\/p>\n<p>2.- NA Z\u00c1KLAD\u011a VA\u0160\u00cd \u017d\u00c1DOSTI V\u00c1M BUDE P\u0158ID\u011aLEN VARIABILN\u00cd SYMBOL (STEJN\u00c9 \u010c\u00cdSLO JAKO V\u00c1\u0160 ORIGIN\u00c1LN\u00cd K\u00d3D VOUCHERU)<\/p>\n<p>K EXPEDICI DOJDE HNED PO\u00a0ZAPLACEN\u00cd \u010c\u00c1STKY:\u00a0<span style=\"color: #00ff00;\"><strong>1500,- K\u010c<\/strong><\/span><\/p>\n<p>NA N\u00c1\u0160 \u00da\u010cET:\u00a0<strong><span style=\"color: #00ff00;\">228666511 \/ 0600<\/span><\/strong><\/p>\n<hr \/>\n<p><strong><span style=\"color: #00ff00;\">P\u0158I PLATB\u011a NEZAPOME\u0147TE UV\u00c9ST: <\/span><\/strong><\/p>\n<p><strong>1.-\u00a0V\u00c1\u0160 VARIABILN\u00cd SYMBOL (\u010c\u00cdSLO VOUCHERU)<\/strong><\/p>\n<p><strong>2.- DO ZPR\u00c1VY HESLO:\u00a0&#8220;VOUCHER&#8221;<\/strong><\/p>\n<p>OBDAROVAN\u00dd SI U\u017d JEN OBJEDN\u00c1 TERM\u00cdN HRY V NA\u0160EM REZERVA\u010cN\u00cdM SYST\u00c9MU, KAM VLO\u017d\u00cd SE SV\u00ddMI \u00daDAJI I SV\u016eJ ORIGIN\u00c1LN\u00cd K\u00d3D VOUCHERU.<\/p>\n<p><span style=\"color: #00ff00;\"><strong>DOSTAT SE DOVNIT\u0158 JE JEDNODUCH\u00c9 !!!<\/strong><\/span><\/p>\n<p>[\/et_pb_text][\/et_pb_column][\/et_pb_row][et_pb_row _builder_version=&#8221;3.25&#8243; background_size=&#8221;initial&#8221; background_position=&#8221;top_left&#8221; background_repeat=&#8221;repeat&#8221; max_width=&#8221;1200px&#8221;][et_pb_column type=&#8221;4_4&#8243; _builder_version=&#8221;3.25&#8243; custom_padding=&#8221;|||&#8221; custom_padding__hover=&#8221;|||&#8221;][et_pb_text _builder_version=&#8221;4.0.6&#8243; hover_enabled=&#8221;0&#8243;]<\/p>\n<h4 style=\"text-align: center;\"><strong><span style=\"color: #ff0000;\">VE\u0160KER\u00c9 NA\u0160E VOUCHERY A SLEVOV\u00c9 KUP\u00d3NY MAJ\u00cd OMEZENOU PLATNOST <\/span><\/strong><\/h4>\n<h4 style=\"text-align: center;\"><strong><span style=\"color: #ff0000;\">(OBVYKLE TO B\u00ddV\u00c1 3 M\u011aS\u00cdCE U AK\u010cN\u00cdCH SLEVOV\u00ddCH KUP\u00d3N\u016e TO M\u016e\u017dE B\u00ddT I M\u00c9N\u011a)<\/span><\/strong><\/h4>\n<p>[\/et_pb_text][et_pb_text _builder_version=&#8221;4.0.6&#8243; text_font_size=&#8221;16&#8243; text_line_height=&#8221;1.3em&#8221; header_font_size=&#8221;22px&#8221; background_size=&#8221;initial&#8221; background_position=&#8221;top_left&#8221; background_repeat=&#8221;repeat&#8221; background_layout=&#8221;dark&#8221; module_alignment=&#8221;left&#8221; z_index_tablet=&#8221;500&#8243; hover_enabled=&#8221;0&#8243;]<\/p>\n<h3><strong><span style=\"color: #00ff00;\"><\/span><\/strong><\/h3>\n<p><strong><span style=\"color: #00ff00;\"><\/span><\/strong><\/p>\n<h3><strong><span style=\"color: #00ff00;\">TEAMBUILDINGY, NEBO JIN\u00c9 V\u011aT\u0160\u00cd S\u00c9RIOV\u00c9 AKCE<\/span><\/strong><\/h3>\n<p>OBJEDN\u00c1VEJTE TELEFONICKY NA \u010c\u00cdSLE:\u00a0<span style=\"color: #00ff00;\">+420 608 785 859<\/span>, NEBO E-MAILEM NA:\u00a0<span style=\"color: #00ff00;\">OBJEDNAVKY@UNIKOVKA.CZ\u00a0<\/span>S INFORMAC\u00cd O PO\u010cTU SKUPIN A POPISEM \u010cASOV\u00ddCH P\u0158EDSTAV. SPOLE\u010cN\u011a VYMYSL\u00cdME NEJVHODN\u011aJ\u0160\u00cd TERM\u00cdNY A DOMLUV\u00cdME SE NA HROMADN\u00c9 SLEV\u011a.<\/p>\n<p>&nbsp;<\/p>\n<p>&nbsp;<\/p>\n<p>&nbsp;<\/p>\n<p>&nbsp;<\/p>\n<p>[\/et_pb_text][\/et_pb_column][\/et_pb_row][\/et_pb_section]<\/p>\n","protected":false},"excerpt":{"rendered":"<p>IDE\u00c1LN\u00cd D\u00c1REK VYMYSLET ORIGIN\u00c1LN\u00cd D\u00c1REK NEN\u00cd NIC JEDNODUCH\u00c9HO. N\u00c1\u0160 VOUCHER JE SUPER VOLBOU !!! DARUJETE ROZPT\u00ddLEN\u00cd, VZRU\u0160EN\u00cd I RADOST ZE HRY (MIMOCHODEM &#8211; OBDAROVAN\u00dd V\u00c1S VEZME MO\u017dN\u00c1 S SEBOU, TAK\u017dE UD\u011aL\u00c1TE RADOST NEJEN JEMU, ALE I SOB\u011a A ROZD\u00c1TE J\u00cd I DAL\u0160\u00cdM T\u0158EM LIDEM). TO JE B\u00c1JE\u010cN\u00c9, NEMYSL\u00cdTE ?! NAPI\u0160TE SI O VOUCHER &nbsp; NA [&hellip;]<\/p>\n","protected":false},"author":2,"featured_media":0,"parent":0,"menu_order":0,"comment_status":"closed","ping_status":"closed","template":"","meta":{"_et_pb_use_builder":"on","_et_pb_old_content":"","_et_gb_content_width":""},"_links":{"self":[{"href":"https:\/\/unikovka.cz\/index.php\/wp-json\/wp\/v2\/pages\/634"}],"collection":[{"href":"https:\/\/unikovka.cz\/index.php\/wp-json\/wp\/v2\/pages"}],"about":[{"href":"https:\/\/unikovka.cz\/index.php\/wp-json\/wp\/v2\/types\/page"}],"author":[{"embeddable":true,"href":"https:\/\/unikovka.cz\/index.php\/wp-json\/wp\/v2\/users\/2"}],"replies":[{"embeddable":true,"href":"https:\/\/unikovka.cz\/index.php\/wp-json\/wp\/v2\/comments?post=634"}],"version-history":[{"count":71,"href":"https:\/\/unikovka.cz\/index.php\/wp-json\/wp\/v2\/pages\/634\/revisions"}],"predecessor-version":[{"id":1757,"href":"https:\/\/unikovka.cz\/index.php\/wp-json\/wp\/v2\/pages\/634\/revisions\/1757"}],"wp:attachment":[{"href":"https:\/\/unikovka.cz\/index.php\/wp-json\/wp\/v2\/media?parent=634"}],"curies":[{"name":"wp","href":"https:\/\/api.w.org\/{rel}","templated":true}]}}